{"id":1731,"date":"2024-10-11T09:00:42","date_gmt":"2024-10-11T07:00:42","guid":{"rendered":"https:\/\/thegeneration.info\/?page_id=1731"},"modified":"2025-01-04T18:59:29","modified_gmt":"2025-01-04T17:59:29","slug":"precios","status":"publish","type":"page","link":"https:\/\/thegeneration.info\/fr\/precios\/","title":{"rendered":"(CAT) Preus"},"content":{"rendered":"<p class=\"qtranxs-available-languages-message qtranxs-available-languages-message-fr\">D\u00e9sol\u00e9, cet article est seulement disponible en <a href=\"https:\/\/thegeneration.info\/ca\/wp-json\/wp\/v2\/pages\/1731\" class=\"qtranxs-available-language-link qtranxs-available-language-link-ca\" title=\"CAT\">CAT<\/a> et <a href=\"https:\/\/thegeneration.info\/es\/wp-json\/wp\/v2\/pages\/1731\" class=\"qtranxs-available-language-link qtranxs-available-language-link-es\" title=\"ESP\">ESP<\/a>.<\/p><section class=\"l-section wpb_row height_large with_img\"><div class=\"l-section-img\" role=\"img\" aria-label=\"Image\" data-img-width=\"1920\" data-img-height=\"1280\" style=\"background-image: url(https:\/\/thegeneration.info\/wp-content\/uploads\/2024\/10\/pexels-vishnurnair-1105666.jpg);background-repeat: no-repeat;\"><\/div><div class=\"l-section-overlay\" style=\"background:rgba(0,0,0,0.50)\"><\/div><div class=\"l-section-h i-cf\"><div class=\"g-cols vc_row via_flex valign_top type_default stacking_default\"><div class=\"vc_col-sm-12 wpb_column vc_column_container\"><div class=\"vc_column-inner\"><div class=\"wpb_wrapper\"><div class=\"w-separator size_custom\" style=\"height:25vh\" id=\"r147\"><style>@media(max-width:1024px){ #r147{height:10vh!important}}@media(max-width:600px){ #r147{height:10vh!important}}<\/style><\/div><h2 class=\"w-post-elm post_title align_center entry-title color_link_inherit\">(CAT) Preus<\/h2><\/div><\/div><\/div><\/div><\/div><\/section><section class=\"l-section wpb_row height_large\"><div class=\"l-section-overlay\" style=\"background:var(--color-alt-content-bg)\"><\/div><div class=\"l-section-h i-cf\"><div class=\"g-cols vc_row via_flex valign_top type_default stacking_default\"><div class=\"vc_col-sm-12 wpb_column vc_column_container\"><div class=\"vc_column-inner\"><div class=\"wpb_wrapper\"><h3 class=\"w-text us_custom_eb849559\"><span class=\"w-text-h\"><span class=\"w-text-value\">Preus prov\u00edncia Barcelona<\/span><\/span><\/h3><div class=\"w-separator size_small\"><\/div><div class=\"w-pricing style_cards items_3\"><div class=\"w-pricing-item type_featured\"><div class=\"w-pricing-item-h\"><div class=\"w-pricing-item-header\"><div class=\"w-pricing-item-title\">Concert sense equip de so des de<\/div><div class=\"w-pricing-item-price\">400\u20ac<\/div><\/div><ul class=\"w-pricing-item-features\"><li class=\"w-pricing-item-feature\"><b>Ideal si ja tens un equip de so o de veus suficient per a sonoritzar l'actuaci\u00f3<\/b><\/li><li class=\"w-pricing-item-feature\"><br \/><\/li><li class=\"w-pricing-item-feature\"><\/li><li class=\"w-pricing-item-feature\"><b>Inclou:<\/b><\/li><li class=\"w-pricing-item-feature\">Muntatge i desmuntatge de backline<\/li><li class=\"w-pricing-item-feature\">Proves de so<\/li><li class=\"w-pricing-item-feature\">Actuaci\u00f3 d'aprox. 90 min.<\/li><li class=\"w-pricing-item-feature\"><\/li><li class=\"w-pricing-item-feature\">Material propi:<\/li><li class=\"w-pricing-item-feature\">Backline (instruments, amplificadors de guitarres i baix, i bateria completa)<\/li><li class=\"w-pricing-item-feature\"><br \/><\/li><li class=\"w-pricing-item-feature\"><\/li><li class=\"w-pricing-item-feature\"><b>Equip necessari aportat pel client:<\/b><\/li><li class=\"w-pricing-item-feature\">Equip de so suficient per a la sonoritzaci\u00f3 del concert.<\/li><\/ul><div class=\"w-pricing-item-footer\"><a class=\"w-btn us-btn-style_1\" style=\"font-size:15px\" target=\"_blank\" href=\"https:\/\/thegeneration.info\/ca\/contacte\/\"><span class=\"w-btn-label\">Contractar<\/span><\/a><\/div><\/div><\/div><div class=\"w-pricing-item type_default\"><div class=\"w-pricing-item-h\"><div class=\"w-pricing-item-header\"><div class=\"w-pricing-item-title\">Concert amb equip de so propi des de<\/div><div class=\"w-pricing-item-price\">600\u20ac<\/div><\/div><ul class=\"w-pricing-item-features\"><li class=\"w-pricing-item-feature\"><b>Ideal per a sales interiors (aforament m\u00e0x. 150 pers.) o esdeveniments exteriors de petit format<\/b><\/li><li class=\"w-pricing-item-feature\"><br \/><\/li><li class=\"w-pricing-item-feature\"><\/li><li class=\"w-pricing-item-feature\"><b>Inclou:<\/b><\/li><li class=\"w-pricing-item-feature\">Muntatge i desmuntatge d'equip de so i backline<\/li><li class=\"w-pricing-item-feature\">Proves de so<\/li><li class=\"w-pricing-item-feature\">Actuaci\u00f3 d'aprox. 90 min.<\/li><li class=\"w-pricing-item-feature\"><\/li><li class=\"w-pricing-item-feature\">Material propi:<\/li><li class=\"w-pricing-item-feature\">Backline (instruments, amplificadors de guitarres i baix, i bateria completa).<\/li><li class=\"w-pricing-item-feature\">Equip de so sense t\u00e8cnic (2 altaveus PA de 500W, un monitor d'escenari, taula de mescles, microfonia, suports i cablejat).<\/li><\/ul><div class=\"w-pricing-item-footer\"><a class=\"w-btn us-btn-style_1\" style=\"font-size:15px\" target=\"_blank\" href=\"https:\/\/thegeneration.info\/ca\/contacte\/\"><span class=\"w-btn-label\">Contractar<\/span><\/a><\/div><\/div><\/div><div class=\"w-pricing-item type_default\"><div class=\"w-pricing-item-h\"><div class=\"w-pricing-item-header\"><div class=\"w-pricing-item-title\">Concert amb equip de so lloguer + t\u00e8cnic<\/div><div class=\"w-pricing-item-price\">Consultar<\/div><\/div><ul class=\"w-pricing-item-features\"><li class=\"w-pricing-item-feature\"><b>Ideal per a sales interiors (aforament +200 pers.) o esdeveniments exteriors de mitj\u00e0-gran format<\/b><\/li><li class=\"w-pricing-item-feature\"><br \/><\/li><li class=\"w-pricing-item-feature\"><\/li><li class=\"w-pricing-item-feature\"><b>Inclou:<\/b><\/li><li class=\"w-pricing-item-feature\">Muntatge i desmuntatge d'equip de so i backline<\/li><li class=\"w-pricing-item-feature\">Proves de so<\/li><li class=\"w-pricing-item-feature\">Actuaci\u00f3 d'aprox. 90 min.<\/li><li class=\"w-pricing-item-feature\"><\/li><li class=\"w-pricing-item-feature\">Material propi:<\/li><li class=\"w-pricing-item-feature\">Backline (instruments, amplificadors de guitarres i baix, i bateria completa).<\/li><li class=\"w-pricing-item-feature\"><br \/><\/li><li class=\"w-pricing-item-feature\"><\/li><li class=\"w-pricing-item-feature\"><b>Equip de so:<\/b><\/li><li class=\"w-pricing-item-feature\">Equip de so complet amb t\u00e8cnic (2.000W o superior, 4-6 monitors d'escenari, taula de mescles de 16 canals o superior, microfonia, suports i cablejat).<\/li><\/ul><div class=\"w-pricing-item-footer\"><a class=\"w-btn us-btn-style_1\" style=\"font-size:15px\" target=\"_blank\" href=\"https:\/\/thegeneration.info\/ca\/contacte\/\"><span class=\"w-btn-label\">Consultar<\/span><\/a><\/div><\/div><\/div><\/div><div class=\"w-separator size_huge\"><\/div><h3 class=\"w-text us_custom_eb849559\"><span class=\"w-text-h\"><span class=\"w-text-value\">Preus prov\u00edncia Girona, Tarragona i Lleida, i Andorra<\/span><\/span><\/h3><div class=\"w-separator size_small\"><\/div><div class=\"w-pricing style_cards items_3\"><div class=\"w-pricing-item type_featured\"><div class=\"w-pricing-item-h\"><div class=\"w-pricing-item-header\"><div class=\"w-pricing-item-title\">Concert sense equip de so des de<\/div><div class=\"w-pricing-item-price\">500\u20ac<\/div><\/div><ul class=\"w-pricing-item-features\"><li class=\"w-pricing-item-feature\"><b>Ideal si ja tens un equip de so o de veus suficient per a sonoritzar l'actuaci\u00f3<\/b><\/li><li class=\"w-pricing-item-feature\"><br \/><\/li><li class=\"w-pricing-item-feature\"><\/li><li class=\"w-pricing-item-feature\"><b>Inclou:<\/b><\/li><li class=\"w-pricing-item-feature\">Muntatge i desmuntatge de backline<\/li><li class=\"w-pricing-item-feature\">Proves de so<\/li><li class=\"w-pricing-item-feature\">Actuaci\u00f3 d'aprox. 90 min.<\/li><li class=\"w-pricing-item-feature\"><\/li><li class=\"w-pricing-item-feature\">Material propi:<\/li><li class=\"w-pricing-item-feature\">Backline (instruments, amplificadors de guitarres i baix, i bateria completa)<\/li><li class=\"w-pricing-item-feature\"><br \/><\/li><li class=\"w-pricing-item-feature\"><\/li><li class=\"w-pricing-item-feature\"><b>Equip necessari aportat pel client:<\/b><\/li><li class=\"w-pricing-item-feature\">Equip de so suficient per a la sonoritzaci\u00f3 del concert.<\/li><\/ul><div class=\"w-pricing-item-footer\"><a class=\"w-btn us-btn-style_1\" style=\"font-size:15px\" target=\"_blank\" href=\"https:\/\/thegeneration.info\/ca\/contacte\/\"><span class=\"w-btn-label\">Contractar<\/span><\/a><\/div><\/div><\/div><div class=\"w-pricing-item type_default\"><div class=\"w-pricing-item-h\"><div class=\"w-pricing-item-header\"><div class=\"w-pricing-item-title\">Concert amb equip de so propi des de<\/div><div class=\"w-pricing-item-price\">700\u20ac<\/div><\/div><ul class=\"w-pricing-item-features\"><li class=\"w-pricing-item-feature\"><b>Ideal per a sales interiors (aforament m\u00e0x. 150 pers.) o esdeveniments exteriors de petit format<\/b><\/li><li class=\"w-pricing-item-feature\"><br \/><\/li><li class=\"w-pricing-item-feature\"><\/li><li class=\"w-pricing-item-feature\"><b>Inclou:<\/b><\/li><li class=\"w-pricing-item-feature\">Muntatge i desmuntatge d'equip de so i backline<\/li><li class=\"w-pricing-item-feature\">Proves de so<\/li><li class=\"w-pricing-item-feature\">Actuaci\u00f3 d'aprox. 90 min.<\/li><li class=\"w-pricing-item-feature\"><\/li><li class=\"w-pricing-item-feature\">Material propi:<\/li><li class=\"w-pricing-item-feature\">Backline (instruments, amplificadors de guitarres i baix, i bateria completa).<\/li><li class=\"w-pricing-item-feature\">Equip de so sense t\u00e8cnic (2 altaveus PA de 500W, un monitor d'escenari, taula de mescles, microfonia, suports i cablejat).<\/li><\/ul><div class=\"w-pricing-item-footer\"><a class=\"w-btn us-btn-style_1\" style=\"font-size:15px\" target=\"_blank\" href=\"https:\/\/thegeneration.info\/ca\/contacte\/\"><span class=\"w-btn-label\">Contractar<\/span><\/a><\/div><\/div><\/div><div class=\"w-pricing-item type_default\"><div class=\"w-pricing-item-h\"><div class=\"w-pricing-item-header\"><div class=\"w-pricing-item-title\">Concert amb equip de so lloguer + t\u00e8cnic<\/div><div class=\"w-pricing-item-price\">Consultar<\/div><\/div><ul class=\"w-pricing-item-features\"><li class=\"w-pricing-item-feature\"><b>Ideal per a sales interiors (aforament +200 pers.) o esdeveniments exteriors de mitj\u00e0-gran format<\/b><\/li><li class=\"w-pricing-item-feature\"><br \/><\/li><li class=\"w-pricing-item-feature\"><\/li><li class=\"w-pricing-item-feature\"><b>Inclou:<\/b><\/li><li class=\"w-pricing-item-feature\">Muntatge i desmuntatge d'equip de so i backline<\/li><li class=\"w-pricing-item-feature\">Proves de so<\/li><li class=\"w-pricing-item-feature\">Actuaci\u00f3 d'aprox. 90 min.<\/li><li class=\"w-pricing-item-feature\"><\/li><li class=\"w-pricing-item-feature\">Material propi:<\/li><li class=\"w-pricing-item-feature\">Backline (instruments, amplificadors de guitarres i baix, i bateria completa).<\/li><li class=\"w-pricing-item-feature\"><br \/><\/li><li class=\"w-pricing-item-feature\"><\/li><li class=\"w-pricing-item-feature\"><b>Equip de so:<\/b><\/li><li class=\"w-pricing-item-feature\">Equip de so complet amb t\u00e8cnic (2.000W o superior, 4-6 monitors d'escenari, taula de mescles de 16 canals o superior, microfonia, suports i cablejat).<\/li><\/ul><div class=\"w-pricing-item-footer\"><a class=\"w-btn us-btn-style_1\" style=\"font-size:15px\" target=\"_blank\" href=\"https:\/\/thegeneration.info\/ca\/contacte\/\"><span class=\"w-btn-label\">Consultar<\/span><\/a><\/div><\/div><\/div><\/div><div class=\"w-separator size_huge\"><\/div><h3 class=\"w-text us_custom_eb849559\"><span class=\"w-text-h\"><span class=\"w-text-value\">Preus resta del M\u00f3n<\/span><\/span><\/h3><div class=\"w-separator size_small\"><\/div><div class=\"w-btn-wrapper align_center\"><a class=\"w-btn us-btn-style_1\" target=\"_blank\" href=\"https:\/\/thegeneration.info\/contacte\/\"><span class=\"w-btn-label\">Consultar<\/span><\/a><\/div><div class=\"w-separator size_huge\"><\/div><p class=\"w-text us_custom_eb849559\"><span class=\"w-text-h\"><span class=\"w-text-value\">Els preus no inclouen possibilitat d&rsquo;allotjament ni IVA<\/span><\/span><\/p><\/div><\/div><\/div><\/div><\/div><\/section>","protected":false},"excerpt":{"rendered":"D\u00e9sol\u00e9, cet article est seulement disponible en CAT et ESP.(CAT) PreusPreus prov\u00edncia BarcelonaConcert sense equip de so des de400\u20acIdeal si ja tens un equip de so o de veus suficient per a sonoritzar l'actuaci\u00f3Inclou:Muntatge i desmuntatge de backlineProves de soActuaci\u00f3 d'aprox. 90 min.Material propi:Backline (instruments, amplificadors de guitarres i baix, i bateria completa)Equip necessari aportat...","protected":false},"author":2,"featured_media":0,"parent":0,"menu_order":5,"comment_status":"closed","ping_status":"closed","template":"","meta":{"footnotes":""},"class_list":["post-1731","page","type-page","status-publish","hentry"],"yoast_head":"<!-- This site is optimized with the Yoast SEO plugin v27.4 - https:\/\/yoast.com\/product\/yoast-seo-wordpress\/ -->\n<title>(CAT) Preus | The Generation<\/title>\n<meta name=\"description\" content=\"The Generation es una banda de blues&amp;rock de Barcelona con una larga trayectoria por escenarios de todo el pa\u00eds. Tiene un estilo claramente marcado por el blues&amp;rock el\u00e9ctrico con algunas pinceladas de rock\u2019n\u2019roll y rock sure\u00f1o.\" \/>\n<meta name=\"robots\" content=\"index, follow, max-snippet:-1, max-image-preview:large, max-video-preview:-1\" \/>\n<link rel=\"canonical\" href=\"https:\/\/thegeneration.info\/fr\/precios\/\" \/>\n<meta property=\"og:locale\" content=\"fr_FR\" \/>\n<meta property=\"og:type\" content=\"article\" \/>\n<meta property=\"og:title\" content=\"(CAT) Preus | The Generation\" \/>\n<meta property=\"og:description\" content=\"The Generation es una banda de blues&amp;rock de Barcelona con una larga trayectoria por escenarios de todo el pa\u00eds. Tiene un estilo claramente marcado por el blues&amp;rock el\u00e9ctrico con algunas pinceladas de rock\u2019n\u2019roll y rock sure\u00f1o.\" \/>\n<meta property=\"og:url\" content=\"https:\/\/thegeneration.info\/fr\/precios\/\" \/>\n<meta property=\"og:site_name\" content=\"The Generation\" \/>\n<meta property=\"article:modified_time\" content=\"2025-01-04T17:59:29+00:00\" \/>\n<meta property=\"og:image\" content=\"https:\/\/thegeneration.info\/wp-content\/uploads\/2018\/07\/the-generation.jpg\" \/>\n\t<meta property=\"og:image:width\" content=\"2048\" \/>\n\t<meta property=\"og:image:height\" content=\"2048\" \/>\n\t<meta property=\"og:image:type\" content=\"image\/jpeg\" \/>\n<meta name=\"twitter:card\" content=\"summary_large_image\" \/>\n<script type=\"application\/ld+json\" class=\"yoast-schema-graph\">{\"@context\":\"https:\\\/\\\/schema.org\",\"@graph\":[{\"@type\":\"WebPage\",\"@id\":\"https:\\\/\\\/thegeneration.info\\\/fr\\\/precios\\\/\",\"url\":\"https:\\\/\\\/thegeneration.info\\\/fr\\\/precios\\\/\",\"name\":\"(CAT) Preus | The Generation\",\"isPartOf\":{\"@id\":\"https:\\\/\\\/thegeneration.info\\\/fr\\\/#website\"},\"datePublished\":\"2024-10-11T07:00:42+00:00\",\"dateModified\":\"2025-01-04T17:59:29+00:00\",\"description\":\"The Generation es una banda de blues&rock de Barcelona con una larga trayectoria por escenarios de todo el pa\u00eds. Tiene un estilo claramente marcado por el blues&rock el\u00e9ctrico con algunas pinceladas de rock\u2019n\u2019roll y rock sure\u00f1o.\",\"breadcrumb\":{\"@id\":\"https:\\\/\\\/thegeneration.info\\\/fr\\\/precios\\\/#breadcrumb\"},\"inLanguage\":\"fr-FR\",\"potentialAction\":[{\"@type\":\"ReadAction\",\"target\":[[\"https:\\\/\\\/thegeneration.info\\\/fr\\\/precios\\\/\"]]}]},{\"@type\":\"BreadcrumbList\",\"@id\":\"https:\\\/\\\/thegeneration.info\\\/fr\\\/precios\\\/#breadcrumb\",\"itemListElement\":[{\"@type\":\"ListItem\",\"position\":1,\"name\":\"Portada\",\"item\":\"https:\\\/\\\/thegeneration.info\\\/fr\\\/\"},{\"@type\":\"ListItem\",\"position\":2,\"name\":\"Precios\"}]},{\"@type\":\"WebSite\",\"@id\":\"https:\\\/\\\/thegeneration.info\\\/fr\\\/#website\",\"url\":\"https:\\\/\\\/thegeneration.info\\\/fr\\\/\",\"name\":\"The Generation\",\"description\":\"Banda de Blues&amp;Rock de Barcelona\",\"publisher\":{\"@id\":\"https:\\\/\\\/thegeneration.info\\\/fr\\\/#organization\"},\"alternateName\":\"The Generation\",\"potentialAction\":[{\"@type\":\"SearchAction\",\"target\":{\"@type\":\"EntryPoint\",\"urlTemplate\":\"https:\\\/\\\/thegeneration.info\\\/fr\\\/?s={search_term_string}\"},\"query-input\":{\"@type\":\"PropertyValueSpecification\",\"valueRequired\":true,\"valueName\":\"search_term_string\"}}],\"inLanguage\":\"fr-FR\"},{\"@type\":\"Organization\",\"@id\":\"https:\\\/\\\/thegeneration.info\\\/fr\\\/#organization\",\"name\":\"The Generation\",\"alternateName\":\"The Generation\",\"url\":\"https:\\\/\\\/thegeneration.info\\\/fr\\\/\",\"logo\":{\"@type\":\"ImageObject\",\"inLanguage\":\"fr-FR\",\"@id\":\"https:\\\/\\\/thegeneration.info\\\/fr\\\/#\\\/schema\\\/logo\\\/image\\\/\",\"url\":\"https:\\\/\\\/thegeneration.info\\\/wp-content\\\/uploads\\\/2018\\\/07\\\/the-generation.jpg\",\"contentUrl\":\"https:\\\/\\\/thegeneration.info\\\/wp-content\\\/uploads\\\/2018\\\/07\\\/the-generation.jpg\",\"width\":2048,\"height\":2048,\"caption\":\"The Generation\"},\"image\":{\"@id\":\"https:\\\/\\\/thegeneration.info\\\/fr\\\/#\\\/schema\\\/logo\\\/image\\\/\"},\"sameAs\":[\"https:\\\/\\\/www.instagram.com\\\/generationBCN\\\/\",\"https:\\\/\\\/www.youtube.com\\\/@generationbcn\"]}]}<\/script>\n<!-- \/ Yoast SEO plugin. -->","yoast_head_json":{"title":"(CAT) Preus | The Generation","description":"The Generation es una banda de blues&rock de Barcelona con una larga trayectoria por escenarios de todo el pa\u00eds. Tiene un estilo claramente marcado por el blues&rock el\u00e9ctrico con algunas pinceladas de rock\u2019n\u2019roll y rock sure\u00f1o.","robots":{"index":"index","follow":"follow","max-snippet":"max-snippet:-1","max-image-preview":"max-image-preview:large","max-video-preview":"max-video-preview:-1"},"canonical":"https:\/\/thegeneration.info\/fr\/precios\/","og_locale":"fr_FR","og_type":"article","og_title":"(CAT) Preus | The Generation","og_description":"The Generation es una banda de blues&rock de Barcelona con una larga trayectoria por escenarios de todo el pa\u00eds. Tiene un estilo claramente marcado por el blues&rock el\u00e9ctrico con algunas pinceladas de rock\u2019n\u2019roll y rock sure\u00f1o.","og_url":"https:\/\/thegeneration.info\/fr\/precios\/","og_site_name":"The Generation","article_modified_time":"2025-01-04T17:59:29+00:00","og_image":[{"width":2048,"height":2048,"url":"https:\/\/thegeneration.info\/wp-content\/uploads\/2018\/07\/the-generation.jpg","type":"image\/jpeg"}],"twitter_card":"summary_large_image","schema":{"@context":"https:\/\/schema.org","@graph":[{"@type":"WebPage","@id":"https:\/\/thegeneration.info\/fr\/precios\/","url":"https:\/\/thegeneration.info\/fr\/precios\/","name":"(CAT) Preus | The Generation","isPartOf":{"@id":"https:\/\/thegeneration.info\/fr\/#website"},"datePublished":"2024-10-11T07:00:42+00:00","dateModified":"2025-01-04T17:59:29+00:00","description":"The Generation es una banda de blues&rock de Barcelona con una larga trayectoria por escenarios de todo el pa\u00eds. Tiene un estilo claramente marcado por el blues&rock el\u00e9ctrico con algunas pinceladas de rock\u2019n\u2019roll y rock sure\u00f1o.","breadcrumb":{"@id":"https:\/\/thegeneration.info\/fr\/precios\/#breadcrumb"},"inLanguage":"fr-FR","potentialAction":[{"@type":"ReadAction","target":[["https:\/\/thegeneration.info\/fr\/precios\/"]]}]},{"@type":"BreadcrumbList","@id":"https:\/\/thegeneration.info\/fr\/precios\/#breadcrumb","itemListElement":[{"@type":"ListItem","position":1,"name":"Portada","item":"https:\/\/thegeneration.info\/fr\/"},{"@type":"ListItem","position":2,"name":"Precios"}]},{"@type":"WebSite","@id":"https:\/\/thegeneration.info\/fr\/#website","url":"https:\/\/thegeneration.info\/fr\/","name":"The Generation","description":"Banda de Blues&amp;Rock de Barcelona","publisher":{"@id":"https:\/\/thegeneration.info\/fr\/#organization"},"alternateName":"The Generation","potentialAction":[{"@type":"SearchAction","target":{"@type":"EntryPoint","urlTemplate":"https:\/\/thegeneration.info\/fr\/?s={search_term_string}"},"query-input":{"@type":"PropertyValueSpecification","valueRequired":true,"valueName":"search_term_string"}}],"inLanguage":"fr-FR"},{"@type":"Organization","@id":"https:\/\/thegeneration.info\/fr\/#organization","name":"The Generation","alternateName":"The Generation","url":"https:\/\/thegeneration.info\/fr\/","logo":{"@type":"ImageObject","inLanguage":"fr-FR","@id":"https:\/\/thegeneration.info\/fr\/#\/schema\/logo\/image\/","url":"https:\/\/thegeneration.info\/wp-content\/uploads\/2018\/07\/the-generation.jpg","contentUrl":"https:\/\/thegeneration.info\/wp-content\/uploads\/2018\/07\/the-generation.jpg","width":2048,"height":2048,"caption":"The Generation"},"image":{"@id":"https:\/\/thegeneration.info\/fr\/#\/schema\/logo\/image\/"},"sameAs":["https:\/\/www.instagram.com\/generationBCN\/","https:\/\/www.youtube.com\/@generationbcn"]}]}},"_links":{"self":[{"href":"https:\/\/thegeneration.info\/fr\/wp-json\/wp\/v2\/pages\/1731","targetHints":{"allow":["GET"]}}],"collection":[{"href":"https:\/\/thegeneration.info\/fr\/wp-json\/wp\/v2\/pages"}],"about":[{"href":"https:\/\/thegeneration.info\/fr\/wp-json\/wp\/v2\/types\/page"}],"author":[{"embeddable":true,"href":"https:\/\/thegeneration.info\/fr\/wp-json\/wp\/v2\/users\/2"}],"replies":[{"embeddable":true,"href":"https:\/\/thegeneration.info\/fr\/wp-json\/wp\/v2\/comments?post=1731"}],"version-history":[{"count":40,"href":"https:\/\/thegeneration.info\/fr\/wp-json\/wp\/v2\/pages\/1731\/revisions"}],"predecessor-version":[{"id":1791,"href":"https:\/\/thegeneration.info\/fr\/wp-json\/wp\/v2\/pages\/1731\/revisions\/1791"}],"wp:attachment":[{"href":"https:\/\/thegeneration.info\/fr\/wp-json\/wp\/v2\/media?parent=1731"}],"curies":[{"name":"wp","href":"https:\/\/api.w.org\/{rel}","templated":true}]}}