{"id":1047,"date":"2018-01-12T16:56:21","date_gmt":"2018-01-12T15:56:21","guid":{"rendered":"http:\/\/thegeneration.info\/?page_id=1047"},"modified":"2025-10-31T16:52:28","modified_gmt":"2025-10-31T15:52:28","slug":"banda-de-blues-and-rock-electrico","status":"publish","type":"page","link":"https:\/\/thegeneration.info\/fr\/banda-de-blues-and-rock-electrico\/","title":{"rendered":"Bande de blues&#038;rock \u00e9lectrique"},"content":{"rendered":"<section class=\"l-section wpb_row height_large\"><div class=\"l-section-h i-cf\"><div class=\"g-cols vc_row via_flex valign_top type_default stacking_default\"><div class=\"vc_col-sm-12 wpb_column vc_column_container\"><div class=\"vc_column-inner\"><div class=\"wpb_wrapper\"><div class=\"g-cols wpb_row via_flex valign_top type_default stacking_default\"><div class=\"vc_col-sm-3 wpb_column vc_column_container\"><div class=\"vc_column-inner\"><div class=\"wpb_wrapper\"><\/div><\/div><\/div><div class=\"vc_col-sm-6 wpb_column vc_column_container\"><div class=\"vc_column-inner\"><div class=\"wpb_wrapper\"><div class=\"w-image align_center\"><div class=\"w-image-h\"><img decoding=\"async\" width=\"1920\" height=\"815\" src=\"https:\/\/thegeneration.info\/wp-content\/uploads\/2018\/01\/Logo_The_Generation_EB.png\" class=\"attachment-full size-full\" alt=\"\" loading=\"lazy\" srcset=\"https:\/\/thegeneration.info\/wp-content\/uploads\/2018\/01\/Logo_The_Generation_EB.png 1920w, https:\/\/thegeneration.info\/wp-content\/uploads\/2018\/01\/Logo_The_Generation_EB-300x127.png 300w, https:\/\/thegeneration.info\/wp-content\/uploads\/2018\/01\/Logo_The_Generation_EB-768x326.png 768w, https:\/\/thegeneration.info\/wp-content\/uploads\/2018\/01\/Logo_The_Generation_EB-1024x435.png 1024w, https:\/\/thegeneration.info\/wp-content\/uploads\/2018\/01\/Logo_The_Generation_EB-600x255.png 600w\" sizes=\"auto, (max-width: 1920px) 100vw, 1920px\" \/><\/div><\/div><\/div><\/div><\/div><div class=\"vc_col-sm-3 wpb_column vc_column_container\"><div class=\"vc_column-inner\"><div class=\"wpb_wrapper\"><\/div><\/div><\/div><\/div><div class=\"w-separator size_medium\"><\/div><div class=\"g-cols wpb_row via_flex valign_top type_default stacking_default\"><div class=\"vc_col-sm-12 wpb_column vc_column_container\"><div class=\"vc_column-inner\"><div class=\"wpb_wrapper\"><div class=\"w-image align_center\"><div class=\"w-image-h\"><img decoding=\"async\" width=\"1920\" height=\"880\" src=\"https:\/\/thegeneration.info\/wp-content\/uploads\/2019\/06\/the-generation-electric-band.jpg\" class=\"attachment-full size-full\" alt=\"Blues&amp;Rock de Barcelona\" loading=\"lazy\" srcset=\"https:\/\/thegeneration.info\/wp-content\/uploads\/2019\/06\/the-generation-electric-band.jpg 1920w, https:\/\/thegeneration.info\/wp-content\/uploads\/2019\/06\/the-generation-electric-band-300x138.jpg 300w, https:\/\/thegeneration.info\/wp-content\/uploads\/2019\/06\/the-generation-electric-band-1024x469.jpg 1024w, https:\/\/thegeneration.info\/wp-content\/uploads\/2019\/06\/the-generation-electric-band-600x275.jpg 600w, https:\/\/thegeneration.info\/wp-content\/uploads\/2019\/06\/the-generation-electric-band-768x352.jpg 768w\" sizes=\"auto, (max-width: 1920px) 100vw, 1920px\" \/><\/div><\/div><\/div><\/div><\/div><\/div><div class=\"w-separator size_medium\"><\/div><div class=\"g-cols wpb_row via_flex valign_top type_default stacking_default\"><div class=\"vc_col-sm-6 wpb_column vc_column_container\"><div class=\"vc_column-inner\"><div class=\"wpb_wrapper\"><div class=\"wpb_text_column\"><div class=\"wpb_wrapper\"><p><strong>The Generation<\/strong> est un <strong>groupe consolid\u00e9 de rock sudiste, de blues&amp;rock et de rock&rsquo;n&rsquo;roll de Catalogne<\/strong> avec une longue carri\u00e8re sur les sc\u00e8nes de tout le pays.<\/p>\n<p>Au cours de leur spectacle, ils reprennent et rappellent les succ\u00e8s de g\u00e9n\u00e9rations de musiciens dans ces genres musicaux tels que <strong>Lynyrd Skynyrd, ZZ Top, Creedence Clearwater Revival, The Black Crowes, Stevie Ray Vaughan, Jimi Hendrix, The Allman Brothers<\/strong> et d&rsquo;autres groupes, avec soin et avec une grande qualit\u00e9 musicale, avec le plus grand soin. respect et admiration pour les auteurs honor\u00e9s.<\/p>\n<p><strong>The Generation<\/strong> interpr\u00e8te \u00e9galement ses <strong>propres chansons<\/strong> qu&rsquo;elle compose au fil des ann\u00e9es et les int\u00e8gre \u00e0 son r\u00e9pertoire.<\/p>\n<\/div><\/div><\/div><\/div><\/div><div class=\"vc_col-sm-6 wpb_column vc_column_container\"><div class=\"vc_column-inner\"><div class=\"wpb_wrapper\"><div class=\"wpb_text_column\"><div class=\"wpb_wrapper\"><p><strong>The Generation<\/strong> propose un spectacle plein d&rsquo;\u00e9nergie, d&rsquo;\u00e9motion et de passion, avec une grande mise en sc\u00e8ne, faisant vivre au public une exp\u00e9rience formidable.<\/p>\n<p><strong>The Generation<\/strong> est compos\u00e9 d&rsquo;<strong>Albert Ferr\u00e9s<\/strong>, passionn\u00e9 de voix et de guitare, de blues&amp;rock et de rock sudiste, avec plus de 30 ans d&rsquo;exp\u00e9rience musicale et une voix fantastique souvent compar\u00e9e \u00e0 celle de John Fogerty ou de Johnny Van Zant ; <strong>Gustavo G\u00f3mez<\/strong>, chant et basse, et fondateur du groupe, avec une longue carri\u00e8re dans des lieux tels que le Cavern Club de Liverpool ; <strong>Josep Herrero<\/strong>, guitare, au style \u00e9l\u00e9gant et impeccable qui s&rsquo;inspire de Keith Richards ; et <strong>Manu Ca\u00f1adas<\/strong>, batteur r\u00e9put\u00e9 pour partager la sc\u00e8ne avec des groupes comme Coldplay ou Stereophonics.<\/p>\n<\/div><\/div><\/div><\/div><\/div><\/div><div class=\"w-separator size_medium\"><\/div><div class=\"wpb_text_column\"><div class=\"wpb_wrapper\"><p style=\"text-align: center;\">Vous souhaitez faire un <strong>concert<\/strong>, une <strong>soir\u00e9e priv\u00e9e<\/strong> ou vous poss\u00e9dez une <strong>salle de concert<\/strong> et avez besoin d&rsquo;<strong>un groupe de rock sudiste, de blues&amp;rock ou de rock&rsquo;n&rsquo;roll<\/strong> ? Alors vous avez besoin de <strong>The Generation<\/strong>\u00a0!<\/p>\n<\/div><\/div><\/div><\/div><\/div><\/div><\/div><\/section><section class=\"l-section wpb_row height_large\"><div class=\"l-section-h i-cf\"><div class=\"g-cols vc_row via_flex valign_top type_default stacking_default\"><div class=\"vc_col-sm-12 wpb_column vc_column_container\"><div class=\"vc_column-inner\"><div class=\"wpb_wrapper\"><div class=\"g-cols wpb_row via_flex valign_top type_default stacking_default\"><div class=\"vc_col-sm-6 wpb_column vc_column_container\"><div class=\"vc_column-inner\"><div class=\"wpb_wrapper\"><div class=\"w-person layout_trendy effect_bw\" itemscope itemtype=\"https:\/\/schema.org\/Person\"><div class=\"w-person-image\"><img loading=\"lazy\" decoding=\"async\" width=\"600\" height=\"600\" src=\"https:\/\/thegeneration.info\/wp-content\/uploads\/2019\/06\/albert-ferres-600x600.jpg\" class=\"attachment-us_600_600_crop size-us_600_600_crop\" alt=\"Albert Ferr\u00e9s - Voz y guitarra de The Generation\" itemprop=\"image\" srcset=\"https:\/\/thegeneration.info\/wp-content\/uploads\/2019\/06\/albert-ferres-600x600.jpg 600w, https:\/\/thegeneration.info\/wp-content\/uploads\/2019\/06\/albert-ferres-150x150.jpg 150w, https:\/\/thegeneration.info\/wp-content\/uploads\/2019\/06\/albert-ferres-300x300.jpg 300w, https:\/\/thegeneration.info\/wp-content\/uploads\/2019\/06\/albert-ferres-1024x1024.jpg 1024w, https:\/\/thegeneration.info\/wp-content\/uploads\/2019\/06\/albert-ferres-350x350.jpg 350w, https:\/\/thegeneration.info\/wp-content\/uploads\/2019\/06\/albert-ferres-768x768.jpg 768w, https:\/\/thegeneration.info\/wp-content\/uploads\/2019\/06\/albert-ferres.jpg 1920w\" sizes=\"auto, (max-width: 600px) 100vw, 600px\" \/><\/div><div class=\"w-person-content\"><h3 itemprop=\"name\" class=\"w-person-name\"><span>Albert Ferr\u00e9s<\/span><\/h3><div class=\"w-person-role\" itemprop=\"jobTitle\">Voix et guitare<\/div><\/div><\/div><\/div><\/div><\/div><div class=\"vc_col-sm-6 wpb_column vc_column_container\"><div class=\"vc_column-inner\"><div class=\"wpb_wrapper\"><div class=\"w-person layout_trendy effect_bw\" itemscope itemtype=\"https:\/\/schema.org\/Person\"><div class=\"w-person-image\"><img loading=\"lazy\" decoding=\"async\" width=\"600\" height=\"600\" src=\"https:\/\/thegeneration.info\/wp-content\/uploads\/2019\/06\/gustavo-gomez-600x600.jpg\" class=\"attachment-us_600_600_crop size-us_600_600_crop\" alt=\"Gustavo G\u00f3mez - Voz y bajo de The Generation\" itemprop=\"image\" srcset=\"https:\/\/thegeneration.info\/wp-content\/uploads\/2019\/06\/gustavo-gomez-600x600.jpg 600w, https:\/\/thegeneration.info\/wp-content\/uploads\/2019\/06\/gustavo-gomez-150x150.jpg 150w, https:\/\/thegeneration.info\/wp-content\/uploads\/2019\/06\/gustavo-gomez-300x300.jpg 300w, https:\/\/thegeneration.info\/wp-content\/uploads\/2019\/06\/gustavo-gomez-1024x1024.jpg 1024w, https:\/\/thegeneration.info\/wp-content\/uploads\/2019\/06\/gustavo-gomez-350x350.jpg 350w, https:\/\/thegeneration.info\/wp-content\/uploads\/2019\/06\/gustavo-gomez-768x768.jpg 768w, https:\/\/thegeneration.info\/wp-content\/uploads\/2019\/06\/gustavo-gomez.jpg 1920w\" sizes=\"auto, (max-width: 600px) 100vw, 600px\" \/><\/div><div class=\"w-person-content\"><h3 itemprop=\"name\" class=\"w-person-name\"><span>Gustavo G\u00f3mez<\/span><\/h3><div class=\"w-person-role\" itemprop=\"jobTitle\">Voix et basse<\/div><\/div><\/div><\/div><\/div><\/div><\/div><div class=\"w-separator size_medium\"><\/div><div class=\"g-cols wpb_row via_flex valign_top type_default stacking_default\"><div class=\"vc_col-sm-6 wpb_column vc_column_container\"><div class=\"vc_column-inner\"><div class=\"wpb_wrapper\"><div class=\"w-person layout_trendy effect_bw\" itemscope itemtype=\"https:\/\/schema.org\/Person\"><div class=\"w-person-image\"><img loading=\"lazy\" decoding=\"async\" width=\"600\" height=\"600\" src=\"https:\/\/thegeneration.info\/wp-content\/uploads\/2019\/06\/josep-herrero-1-600x600.jpg\" class=\"attachment-us_600_600_crop size-us_600_600_crop\" alt=\"Josep Herrero - Guitarra de The Generation\" itemprop=\"image\" srcset=\"https:\/\/thegeneration.info\/wp-content\/uploads\/2019\/06\/josep-herrero-1-600x600.jpg 600w, https:\/\/thegeneration.info\/wp-content\/uploads\/2019\/06\/josep-herrero-1-150x150.jpg 150w, https:\/\/thegeneration.info\/wp-content\/uploads\/2019\/06\/josep-herrero-1-300x300.jpg 300w, https:\/\/thegeneration.info\/wp-content\/uploads\/2019\/06\/josep-herrero-1-1024x1024.jpg 1024w, https:\/\/thegeneration.info\/wp-content\/uploads\/2019\/06\/josep-herrero-1-350x350.jpg 350w, https:\/\/thegeneration.info\/wp-content\/uploads\/2019\/06\/josep-herrero-1-768x768.jpg 768w, https:\/\/thegeneration.info\/wp-content\/uploads\/2019\/06\/josep-herrero-1.jpg 1920w\" sizes=\"auto, (max-width: 600px) 100vw, 600px\" \/><\/div><div class=\"w-person-content\"><h3 itemprop=\"name\" class=\"w-person-name\"><span>Josep Herrero<\/span><\/h3><div class=\"w-person-role\" itemprop=\"jobTitle\">Guitare<\/div><\/div><\/div><\/div><\/div><\/div><div class=\"vc_col-sm-6 wpb_column vc_column_container\"><div class=\"vc_column-inner\"><div class=\"wpb_wrapper\"><div class=\"w-person layout_trendy effect_bw\" itemscope itemtype=\"https:\/\/schema.org\/Person\"><div class=\"w-person-image\"><img loading=\"lazy\" decoding=\"async\" width=\"600\" height=\"600\" src=\"https:\/\/thegeneration.info\/wp-content\/uploads\/2019\/06\/manu-canadas-600x600.jpg\" class=\"attachment-us_600_600_crop size-us_600_600_crop\" alt=\"Manu Ca\u00f1adas - Bater\u00eda de The Generation\" itemprop=\"image\" srcset=\"https:\/\/thegeneration.info\/wp-content\/uploads\/2019\/06\/manu-canadas-600x600.jpg 600w, https:\/\/thegeneration.info\/wp-content\/uploads\/2019\/06\/manu-canadas-150x150.jpg 150w, https:\/\/thegeneration.info\/wp-content\/uploads\/2019\/06\/manu-canadas-300x300.jpg 300w, https:\/\/thegeneration.info\/wp-content\/uploads\/2019\/06\/manu-canadas-1024x1024.jpg 1024w, https:\/\/thegeneration.info\/wp-content\/uploads\/2019\/06\/manu-canadas-350x350.jpg 350w, https:\/\/thegeneration.info\/wp-content\/uploads\/2019\/06\/manu-canadas-768x768.jpg 768w, https:\/\/thegeneration.info\/wp-content\/uploads\/2019\/06\/manu-canadas.jpg 1920w\" sizes=\"auto, (max-width: 600px) 100vw, 600px\" \/><\/div><div class=\"w-person-content\"><h3 itemprop=\"name\" class=\"w-person-name\"><span>Manu Ca\u00f1adas<\/span><\/h3><div class=\"w-person-role\" itemprop=\"jobTitle\">Batterie<\/div><\/div><\/div><\/div><\/div><\/div><\/div><\/div><\/div><\/div><\/div><\/div><\/section><section class=\"l-section wpb_row height_large color_alternate\"><div class=\"l-section-h i-cf\"><div class=\"g-cols vc_row via_flex valign_top type_default stacking_default\"><div class=\"vc_col-sm-12 wpb_column vc_column_container\"><div class=\"vc_column-inner\"><div class=\"wpb_wrapper\"><div class=\"wpb_text_column\"><div class=\"wpb_wrapper\"><h2 style=\"text-align: center;\">Services que nous offrons<\/h2>\n<\/div><\/div><\/div><\/div><\/div><\/div><\/div><\/section><section class=\"l-section wpb_row height_large\"><div class=\"l-section-h i-cf\"><div class=\"g-cols vc_row via_flex valign_top type_default stacking_default\"><div class=\"vc_col-sm-6 wpb_column vc_column_container\"><div class=\"vc_column-inner\"><div class=\"wpb_wrapper\"><div class=\"w-iconbox iconpos_top style_default color_primary align_center\"><div class=\"w-iconbox-icon\" style=\"font-size:2rem;\"><i class=\"fas fa-music\"><\/i><\/div><div class=\"w-iconbox-meta\"><h4 class=\"w-iconbox-title\">Concerts<\/h4><div class=\"w-iconbox-text\"><p>Nous proposons toutes sortes de spectacles: concerts de vermouth, concerts after-work, concerts nocturnes&#8230; Musique live avec tous les \u00e9quipements pour votre salle ou terrasse.<\/p>\n<\/div><\/div><\/div><\/div><\/div><\/div><div class=\"vc_col-sm-6 wpb_column vc_column_container\"><div class=\"vc_column-inner\"><div class=\"wpb_wrapper\"><div class=\"w-iconbox iconpos_top style_default color_primary align_center\"><div class=\"w-iconbox-icon\" style=\"font-size:2rem;\"><i class=\"fas fa-motorcycle\"><\/i><\/div><div class=\"w-iconbox-meta\"><h4 class=\"w-iconbox-title\">Concentrations de motards<\/h4><div class=\"w-iconbox-text\"><p>Une ambiance rock&rsquo;n&rsquo;roll pour c\u00e9l\u00e9brer votre concentration de motards ou votre th\u00e8me am\u00e9ricain. Nous mettons du gaz \u00e0 votre f\u00eate. Professionnalisme, qualit\u00e9 et pouvoir Blues et rock, rock&rsquo;n&rsquo;roll, rock sudiste &#8230;<\/p>\n<\/div><\/div><\/div><\/div><\/div><\/div><\/div><\/div><\/section><section class=\"l-section wpb_row height_large\"><div class=\"l-section-h i-cf\"><div class=\"g-cols vc_row via_flex valign_top type_default stacking_default\"><div class=\"vc_col-sm-6 wpb_column vc_column_container\"><div class=\"vc_column-inner\"><div class=\"wpb_wrapper\"><div class=\"w-iconbox iconpos_top style_default color_primary align_center\"><div class=\"w-iconbox-icon\" style=\"font-size:2rem;\"><i class=\"material-icons\">local_bar<\/i><\/div><div class=\"w-iconbox-meta\"><h4 class=\"w-iconbox-title\">Divertissement de mariage<\/h4><div class=\"w-iconbox-text\"><p>Une ambiance id\u00e9al pour c\u00e9l\u00e9brer votre mariage au rythme du rock&rsquo;n&rsquo;roll. Nous animent du cocktail ou ap\u00e9ritif de votre mariage \u00e0 des moments sp\u00e9ciaux de la c\u00e9r\u00e9monie. Professionnalisme, qualit\u00e9 et \u00e9l\u00e9gance.<\/p>\n<\/div><\/div><\/div><\/div><\/div><\/div><div class=\"vc_col-sm-6 wpb_column vc_column_container\"><div class=\"vc_column-inner\"><div class=\"wpb_wrapper\"><div class=\"w-iconbox iconpos_top style_default color_primary align_center\"><div class=\"w-iconbox-icon\" style=\"font-size:2rem;\"><i class=\"fas fa-briefcase\"><\/i><\/div><div class=\"w-iconbox-meta\"><h4 class=\"w-iconbox-title\">Divertissement d&rsquo;\u00e9v\u00e9nements<\/h4><div class=\"w-iconbox-text\"><p>Nous animons votre \u00e9v\u00e9nement d&rsquo;entreprise, inauguration, f\u00eate priv\u00e9e ou convention avec une performance professionnelle, \u00e9l\u00e9gante et de qualit\u00e9. Nous nous adaptons \u00e0 tout type d&rsquo;\u00e9v\u00e9nement.<\/p>\n<\/div><\/div><\/div><\/div><\/div><\/div><\/div><\/div><\/section>","protected":false},"excerpt":{"rendered":"The Generation est un groupe consolid\u00e9 de rock sudiste, de blues&amp;rock et de rock&rsquo;n&rsquo;roll de Catalogne avec une longue carri\u00e8re sur les sc\u00e8nes de tout le pays. Au cours de leur spectacle, ils reprennent et rappellent les succ\u00e8s de g\u00e9n\u00e9rations de musiciens dans ces genres musicaux tels que Lynyrd Skynyrd, ZZ Top, Creedence Clearwater Revival,...","protected":false},"author":2,"featured_media":0,"parent":0,"menu_order":1,"comment_status":"closed","ping_status":"closed","template":"","meta":{"footnotes":""},"class_list":["post-1047","page","type-page","status-publish","hentry"],"yoast_head":"<!-- This site is optimized with the Yoast SEO plugin v27.4 - https:\/\/yoast.com\/product\/yoast-seo-wordpress\/ -->\n<title>Bande de blues&amp;rock \u00e9lectrique | The Generation | Barcelona<\/title>\n<meta name=\"description\" content=\"The Generation es una banda de blues&amp;rock el\u00e9ctrico de Barcelona. Su estilo est\u00e1 marcado por el blues&amp;rock el\u00e9ctrico, rock\u2019n\u2019roll y rock sure\u00f1o.\" \/>\n<meta name=\"robots\" content=\"index, follow, max-snippet:-1, max-image-preview:large, max-video-preview:-1\" \/>\n<link rel=\"canonical\" href=\"https:\/\/thegeneration.info\/fr\/banda-de-blues-and-rock-electrico\/\" \/>\n<meta property=\"og:locale\" content=\"fr_FR\" \/>\n<meta property=\"og:type\" content=\"article\" \/>\n<meta property=\"og:title\" content=\"Bande de blues&amp;rock \u00e9lectrique | The Generation | Barcelona\" \/>\n<meta property=\"og:description\" content=\"The Generation es una banda de blues&amp;rock el\u00e9ctrico de Barcelona. Su estilo est\u00e1 marcado por el blues&amp;rock el\u00e9ctrico, rock\u2019n\u2019roll y rock sure\u00f1o.\" \/>\n<meta property=\"og:url\" content=\"https:\/\/thegeneration.info\/fr\/banda-de-blues-and-rock-electrico\/\" \/>\n<meta property=\"og:site_name\" content=\"The Generation\" \/>\n<meta property=\"article:modified_time\" content=\"2025-10-31T15:52:28+00:00\" \/>\n<meta property=\"og:image\" content=\"https:\/\/thegeneration.info\/wp-content\/uploads\/2018\/07\/the-generation.jpg\" \/>\n\t<meta property=\"og:image:width\" content=\"2048\" \/>\n\t<meta property=\"og:image:height\" content=\"2048\" \/>\n\t<meta property=\"og:image:type\" content=\"image\/jpeg\" \/>\n<meta name=\"twitter:card\" content=\"summary_large_image\" \/>\n<meta name=\"twitter:label1\" content=\"Dur\u00e9e de lecture estim\u00e9e\" \/>\n\t<meta name=\"twitter:data1\" content=\"3 minutes\" \/>\n<script type=\"application\/ld+json\" class=\"yoast-schema-graph\">{\"@context\":\"https:\\\/\\\/schema.org\",\"@graph\":[{\"@type\":\"WebPage\",\"@id\":\"https:\\\/\\\/thegeneration.info\\\/fr\\\/banda-de-blues-and-rock-electrico\\\/\",\"url\":\"https:\\\/\\\/thegeneration.info\\\/fr\\\/banda-de-blues-and-rock-electrico\\\/\",\"name\":\"Bande de blues&rock \u00e9lectrique | The Generation | Barcelona\",\"isPartOf\":{\"@id\":\"https:\\\/\\\/thegeneration.info\\\/fr\\\/#website\"},\"datePublished\":\"2018-01-12T15:56:21+00:00\",\"dateModified\":\"2025-10-31T15:52:28+00:00\",\"description\":\"The Generation es una banda de blues&rock el\u00e9ctrico de Barcelona. Su estilo est\u00e1 marcado por el blues&rock el\u00e9ctrico, rock\u2019n\u2019roll y rock sure\u00f1o.\",\"breadcrumb\":{\"@id\":\"https:\\\/\\\/thegeneration.info\\\/fr\\\/banda-de-blues-and-rock-electrico\\\/#breadcrumb\"},\"inLanguage\":\"fr-FR\",\"potentialAction\":[{\"@type\":\"ReadAction\",\"target\":[[\"https:\\\/\\\/thegeneration.info\\\/fr\\\/banda-de-blues-and-rock-electrico\\\/\"]]}]},{\"@type\":\"BreadcrumbList\",\"@id\":\"https:\\\/\\\/thegeneration.info\\\/fr\\\/banda-de-blues-and-rock-electrico\\\/#breadcrumb\",\"itemListElement\":[{\"@type\":\"ListItem\",\"position\":1,\"name\":\"Portada\",\"item\":\"https:\\\/\\\/thegeneration.info\\\/fr\\\/\"},{\"@type\":\"ListItem\",\"position\":2,\"name\":\"Banda de blues&#038;rock el\u00e9ctrico\"}]},{\"@type\":\"WebSite\",\"@id\":\"https:\\\/\\\/thegeneration.info\\\/fr\\\/#website\",\"url\":\"https:\\\/\\\/thegeneration.info\\\/fr\\\/\",\"name\":\"The Generation\",\"description\":\"Banda de Blues&amp;Rock de Barcelona\",\"publisher\":{\"@id\":\"https:\\\/\\\/thegeneration.info\\\/fr\\\/#organization\"},\"alternateName\":\"The Generation\",\"potentialAction\":[{\"@type\":\"SearchAction\",\"target\":{\"@type\":\"EntryPoint\",\"urlTemplate\":\"https:\\\/\\\/thegeneration.info\\\/fr\\\/?s={search_term_string}\"},\"query-input\":{\"@type\":\"PropertyValueSpecification\",\"valueRequired\":true,\"valueName\":\"search_term_string\"}}],\"inLanguage\":\"fr-FR\"},{\"@type\":\"Organization\",\"@id\":\"https:\\\/\\\/thegeneration.info\\\/fr\\\/#organization\",\"name\":\"The Generation\",\"alternateName\":\"The Generation\",\"url\":\"https:\\\/\\\/thegeneration.info\\\/fr\\\/\",\"logo\":{\"@type\":\"ImageObject\",\"inLanguage\":\"fr-FR\",\"@id\":\"https:\\\/\\\/thegeneration.info\\\/fr\\\/#\\\/schema\\\/logo\\\/image\\\/\",\"url\":\"https:\\\/\\\/thegeneration.info\\\/wp-content\\\/uploads\\\/2018\\\/07\\\/the-generation.jpg\",\"contentUrl\":\"https:\\\/\\\/thegeneration.info\\\/wp-content\\\/uploads\\\/2018\\\/07\\\/the-generation.jpg\",\"width\":2048,\"height\":2048,\"caption\":\"The Generation\"},\"image\":{\"@id\":\"https:\\\/\\\/thegeneration.info\\\/fr\\\/#\\\/schema\\\/logo\\\/image\\\/\"},\"sameAs\":[\"https:\\\/\\\/www.instagram.com\\\/generationBCN\\\/\",\"https:\\\/\\\/www.youtube.com\\\/@generationbcn\"]}]}<\/script>\n<!-- \/ Yoast SEO plugin. -->","yoast_head_json":{"title":"Bande de blues&rock \u00e9lectrique | The Generation | Barcelona","description":"The Generation es una banda de blues&rock el\u00e9ctrico de Barcelona. Su estilo est\u00e1 marcado por el blues&rock el\u00e9ctrico, rock\u2019n\u2019roll y rock sure\u00f1o.","robots":{"index":"index","follow":"follow","max-snippet":"max-snippet:-1","max-image-preview":"max-image-preview:large","max-video-preview":"max-video-preview:-1"},"canonical":"https:\/\/thegeneration.info\/fr\/banda-de-blues-and-rock-electrico\/","og_locale":"fr_FR","og_type":"article","og_title":"Bande de blues&rock \u00e9lectrique | The Generation | Barcelona","og_description":"The Generation es una banda de blues&rock el\u00e9ctrico de Barcelona. Su estilo est\u00e1 marcado por el blues&rock el\u00e9ctrico, rock\u2019n\u2019roll y rock sure\u00f1o.","og_url":"https:\/\/thegeneration.info\/fr\/banda-de-blues-and-rock-electrico\/","og_site_name":"The Generation","article_modified_time":"2025-10-31T15:52:28+00:00","og_image":[{"width":2048,"height":2048,"url":"https:\/\/thegeneration.info\/wp-content\/uploads\/2018\/07\/the-generation.jpg","type":"image\/jpeg"}],"twitter_card":"summary_large_image","twitter_misc":{"Dur\u00e9e de lecture estim\u00e9e":"3 minutes"},"schema":{"@context":"https:\/\/schema.org","@graph":[{"@type":"WebPage","@id":"https:\/\/thegeneration.info\/fr\/banda-de-blues-and-rock-electrico\/","url":"https:\/\/thegeneration.info\/fr\/banda-de-blues-and-rock-electrico\/","name":"Bande de blues&rock \u00e9lectrique | The Generation | Barcelona","isPartOf":{"@id":"https:\/\/thegeneration.info\/fr\/#website"},"datePublished":"2018-01-12T15:56:21+00:00","dateModified":"2025-10-31T15:52:28+00:00","description":"The Generation es una banda de blues&rock el\u00e9ctrico de Barcelona. Su estilo est\u00e1 marcado por el blues&rock el\u00e9ctrico, rock\u2019n\u2019roll y rock sure\u00f1o.","breadcrumb":{"@id":"https:\/\/thegeneration.info\/fr\/banda-de-blues-and-rock-electrico\/#breadcrumb"},"inLanguage":"fr-FR","potentialAction":[{"@type":"ReadAction","target":[["https:\/\/thegeneration.info\/fr\/banda-de-blues-and-rock-electrico\/"]]}]},{"@type":"BreadcrumbList","@id":"https:\/\/thegeneration.info\/fr\/banda-de-blues-and-rock-electrico\/#breadcrumb","itemListElement":[{"@type":"ListItem","position":1,"name":"Portada","item":"https:\/\/thegeneration.info\/fr\/"},{"@type":"ListItem","position":2,"name":"Banda de blues&#038;rock el\u00e9ctrico"}]},{"@type":"WebSite","@id":"https:\/\/thegeneration.info\/fr\/#website","url":"https:\/\/thegeneration.info\/fr\/","name":"The Generation","description":"Banda de Blues&amp;Rock de Barcelona","publisher":{"@id":"https:\/\/thegeneration.info\/fr\/#organization"},"alternateName":"The Generation","potentialAction":[{"@type":"SearchAction","target":{"@type":"EntryPoint","urlTemplate":"https:\/\/thegeneration.info\/fr\/?s={search_term_string}"},"query-input":{"@type":"PropertyValueSpecification","valueRequired":true,"valueName":"search_term_string"}}],"inLanguage":"fr-FR"},{"@type":"Organization","@id":"https:\/\/thegeneration.info\/fr\/#organization","name":"The Generation","alternateName":"The Generation","url":"https:\/\/thegeneration.info\/fr\/","logo":{"@type":"ImageObject","inLanguage":"fr-FR","@id":"https:\/\/thegeneration.info\/fr\/#\/schema\/logo\/image\/","url":"https:\/\/thegeneration.info\/wp-content\/uploads\/2018\/07\/the-generation.jpg","contentUrl":"https:\/\/thegeneration.info\/wp-content\/uploads\/2018\/07\/the-generation.jpg","width":2048,"height":2048,"caption":"The Generation"},"image":{"@id":"https:\/\/thegeneration.info\/fr\/#\/schema\/logo\/image\/"},"sameAs":["https:\/\/www.instagram.com\/generationBCN\/","https:\/\/www.youtube.com\/@generationbcn"]}]}},"_links":{"self":[{"href":"https:\/\/thegeneration.info\/fr\/wp-json\/wp\/v2\/pages\/1047","targetHints":{"allow":["GET"]}}],"collection":[{"href":"https:\/\/thegeneration.info\/fr\/wp-json\/wp\/v2\/pages"}],"about":[{"href":"https:\/\/thegeneration.info\/fr\/wp-json\/wp\/v2\/types\/page"}],"author":[{"embeddable":true,"href":"https:\/\/thegeneration.info\/fr\/wp-json\/wp\/v2\/users\/2"}],"replies":[{"embeddable":true,"href":"https:\/\/thegeneration.info\/fr\/wp-json\/wp\/v2\/comments?post=1047"}],"version-history":[{"count":2,"href":"https:\/\/thegeneration.info\/fr\/wp-json\/wp\/v2\/pages\/1047\/revisions"}],"predecessor-version":[{"id":1871,"href":"https:\/\/thegeneration.info\/fr\/wp-json\/wp\/v2\/pages\/1047\/revisions\/1871"}],"wp:attachment":[{"href":"https:\/\/thegeneration.info\/fr\/wp-json\/wp\/v2\/media?parent=1047"}],"curies":[{"name":"wp","href":"https:\/\/api.w.org\/{rel}","templated":true}]}}