{"id":1047,"date":"2018-01-12T16:56:21","date_gmt":"2018-01-12T15:56:21","guid":{"rendered":"http:\/\/thegeneration.info\/?page_id=1047"},"modified":"2025-10-31T16:52:28","modified_gmt":"2025-10-31T15:52:28","slug":"banda-de-blues-and-rock-electrico","status":"publish","type":"page","link":"https:\/\/thegeneration.info\/en\/banda-de-blues-and-rock-electrico\/","title":{"rendered":"Electric blues&#038;rock band"},"content":{"rendered":"<section class=\"l-section wpb_row height_large\"><div class=\"l-section-h i-cf\"><div class=\"g-cols vc_row via_flex valign_top type_default stacking_default\"><div class=\"vc_col-sm-12 wpb_column vc_column_container\"><div class=\"vc_column-inner\"><div class=\"wpb_wrapper\"><div class=\"g-cols wpb_row via_flex valign_top type_default stacking_default\"><div class=\"vc_col-sm-3 wpb_column vc_column_container\"><div class=\"vc_column-inner\"><div class=\"wpb_wrapper\"><\/div><\/div><\/div><div class=\"vc_col-sm-6 wpb_column vc_column_container\"><div class=\"vc_column-inner\"><div class=\"wpb_wrapper\"><div class=\"w-image align_center\"><div class=\"w-image-h\"><img decoding=\"async\" width=\"1920\" height=\"815\" src=\"https:\/\/thegeneration.info\/wp-content\/uploads\/2018\/01\/Logo_The_Generation_EB.png\" class=\"attachment-full size-full\" alt=\"\" loading=\"lazy\" srcset=\"https:\/\/thegeneration.info\/wp-content\/uploads\/2018\/01\/Logo_The_Generation_EB.png 1920w, https:\/\/thegeneration.info\/wp-content\/uploads\/2018\/01\/Logo_The_Generation_EB-300x127.png 300w, https:\/\/thegeneration.info\/wp-content\/uploads\/2018\/01\/Logo_The_Generation_EB-768x326.png 768w, https:\/\/thegeneration.info\/wp-content\/uploads\/2018\/01\/Logo_The_Generation_EB-1024x435.png 1024w, https:\/\/thegeneration.info\/wp-content\/uploads\/2018\/01\/Logo_The_Generation_EB-600x255.png 600w\" sizes=\"auto, (max-width: 1920px) 100vw, 1920px\" \/><\/div><\/div><\/div><\/div><\/div><div class=\"vc_col-sm-3 wpb_column vc_column_container\"><div class=\"vc_column-inner\"><div class=\"wpb_wrapper\"><\/div><\/div><\/div><\/div><div class=\"w-separator size_medium\"><\/div><div class=\"g-cols wpb_row via_flex valign_top type_default stacking_default\"><div class=\"vc_col-sm-12 wpb_column vc_column_container\"><div class=\"vc_column-inner\"><div class=\"wpb_wrapper\"><div class=\"w-image align_center\"><div class=\"w-image-h\"><img decoding=\"async\" width=\"1920\" height=\"880\" src=\"https:\/\/thegeneration.info\/wp-content\/uploads\/2019\/06\/the-generation-electric-band.jpg\" class=\"attachment-full size-full\" alt=\"Blues&amp;Rock de Barcelona\" loading=\"lazy\" srcset=\"https:\/\/thegeneration.info\/wp-content\/uploads\/2019\/06\/the-generation-electric-band.jpg 1920w, https:\/\/thegeneration.info\/wp-content\/uploads\/2019\/06\/the-generation-electric-band-300x138.jpg 300w, https:\/\/thegeneration.info\/wp-content\/uploads\/2019\/06\/the-generation-electric-band-1024x469.jpg 1024w, https:\/\/thegeneration.info\/wp-content\/uploads\/2019\/06\/the-generation-electric-band-600x275.jpg 600w, https:\/\/thegeneration.info\/wp-content\/uploads\/2019\/06\/the-generation-electric-band-768x352.jpg 768w\" sizes=\"auto, (max-width: 1920px) 100vw, 1920px\" \/><\/div><\/div><\/div><\/div><\/div><\/div><div class=\"w-separator size_medium\"><\/div><div class=\"g-cols wpb_row via_flex valign_top type_default stacking_default\"><div class=\"vc_col-sm-6 wpb_column vc_column_container\"><div class=\"vc_column-inner\"><div class=\"wpb_wrapper\"><div class=\"wpb_text_column\"><div class=\"wpb_wrapper\"><p><strong>The Generation<\/strong> is a consolidated <strong>southern rock, blues&amp;rock and rock&#8217;n&#8217;roll band from Catalonia<\/strong> with a long career on stages all over the country.<\/p>\n<p>During their show, they cover and recall the hits of generations of musicians in these musical genres such as <strong>Lynyrd Skynyrd, ZZ Top, Creedence Clearwater Revival, The Black Crowes, Stevie Ray Vaughan, Jimi Hendrix, The Allman Brothers<\/strong> and other bands, carefully and with great musical quality, with the utmost respect and admiration for the honored authors.<\/p>\n<p><strong>The Generation<\/strong> also performs its <strong>own songs<\/strong> that it has been composing over the years and has incorporated them into its set list.<\/p>\n<\/div><\/div><\/div><\/div><\/div><div class=\"vc_col-sm-6 wpb_column vc_column_container\"><div class=\"vc_column-inner\"><div class=\"wpb_wrapper\"><div class=\"wpb_text_column\"><div class=\"wpb_wrapper\"><p><strong>The Generation<\/strong> offers a show full of energy, feeling and passion, with great staging, making the audience live a great experience.<\/p>\n<p><strong>The Generation<\/strong> is made up of <strong>Albert Ferr\u00e9s<\/strong>, voice and guitarist, blues&amp;rock and southern rock enthusiast, with more than 30 years of musical experience and a fantastic voice often compared to that of John Fogerty or Johnny Van Zant; <strong>Gustavo G\u00f3mez<\/strong>, voice and bassist, and founder of the band, with an extensive career in venues such as The Cavern Club in Liverpool; <strong>Josep Herrero<\/strong>, guitarist, with an elegant and impeccable style that drinks from Keith Richards; and <strong>Manu Ca\u00f1adas<\/strong>, a drummer with a reputation for sharing the stage with groups such as Coldplay or Stereophonics.<\/p>\n<\/div><\/div><\/div><\/div><\/div><\/div><div class=\"w-separator size_medium\"><\/div><div class=\"wpb_text_column\"><div class=\"wpb_wrapper\"><p style=\"text-align: center;\">Do you want to do a <strong>concert<\/strong>, a <strong>private party<\/strong> or do you have a <strong>concert hall<\/strong> and need a <strong>southern rock, blues&amp;rock or rock&#8217;n&#8217;roll band<\/strong>? Then you need <strong>The Generation<\/strong>!<\/p>\n<\/div><\/div><\/div><\/div><\/div><\/div><\/div><\/section><section class=\"l-section wpb_row height_large\"><div class=\"l-section-h i-cf\"><div class=\"g-cols vc_row via_flex valign_top type_default stacking_default\"><div class=\"vc_col-sm-12 wpb_column vc_column_container\"><div class=\"vc_column-inner\"><div class=\"wpb_wrapper\"><div class=\"g-cols wpb_row via_flex valign_top type_default stacking_default\"><div class=\"vc_col-sm-6 wpb_column vc_column_container\"><div class=\"vc_column-inner\"><div class=\"wpb_wrapper\"><div class=\"w-person layout_trendy effect_bw\" itemscope itemtype=\"https:\/\/schema.org\/Person\"><div class=\"w-person-image\"><img loading=\"lazy\" decoding=\"async\" width=\"600\" height=\"600\" src=\"https:\/\/thegeneration.info\/wp-content\/uploads\/2019\/06\/albert-ferres-600x600.jpg\" class=\"attachment-us_600_600_crop size-us_600_600_crop\" alt=\"Albert Ferr\u00e9s - Voz y guitarra de The Generation\" itemprop=\"image\" srcset=\"https:\/\/thegeneration.info\/wp-content\/uploads\/2019\/06\/albert-ferres-600x600.jpg 600w, https:\/\/thegeneration.info\/wp-content\/uploads\/2019\/06\/albert-ferres-150x150.jpg 150w, https:\/\/thegeneration.info\/wp-content\/uploads\/2019\/06\/albert-ferres-300x300.jpg 300w, https:\/\/thegeneration.info\/wp-content\/uploads\/2019\/06\/albert-ferres-1024x1024.jpg 1024w, https:\/\/thegeneration.info\/wp-content\/uploads\/2019\/06\/albert-ferres-350x350.jpg 350w, https:\/\/thegeneration.info\/wp-content\/uploads\/2019\/06\/albert-ferres-768x768.jpg 768w, https:\/\/thegeneration.info\/wp-content\/uploads\/2019\/06\/albert-ferres.jpg 1920w\" sizes=\"auto, (max-width: 600px) 100vw, 600px\" \/><\/div><div class=\"w-person-content\"><h3 itemprop=\"name\" class=\"w-person-name\"><span>Albert Ferr\u00e9s<\/span><\/h3><div class=\"w-person-role\" itemprop=\"jobTitle\">Voice &amp; guitar<\/div><\/div><\/div><\/div><\/div><\/div><div class=\"vc_col-sm-6 wpb_column vc_column_container\"><div class=\"vc_column-inner\"><div class=\"wpb_wrapper\"><div class=\"w-person layout_trendy effect_bw\" itemscope itemtype=\"https:\/\/schema.org\/Person\"><div class=\"w-person-image\"><img loading=\"lazy\" decoding=\"async\" width=\"600\" height=\"600\" src=\"https:\/\/thegeneration.info\/wp-content\/uploads\/2019\/06\/gustavo-gomez-600x600.jpg\" class=\"attachment-us_600_600_crop size-us_600_600_crop\" alt=\"Gustavo G\u00f3mez - Voz y bajo de The Generation\" itemprop=\"image\" srcset=\"https:\/\/thegeneration.info\/wp-content\/uploads\/2019\/06\/gustavo-gomez-600x600.jpg 600w, https:\/\/thegeneration.info\/wp-content\/uploads\/2019\/06\/gustavo-gomez-150x150.jpg 150w, https:\/\/thegeneration.info\/wp-content\/uploads\/2019\/06\/gustavo-gomez-300x300.jpg 300w, https:\/\/thegeneration.info\/wp-content\/uploads\/2019\/06\/gustavo-gomez-1024x1024.jpg 1024w, https:\/\/thegeneration.info\/wp-content\/uploads\/2019\/06\/gustavo-gomez-350x350.jpg 350w, https:\/\/thegeneration.info\/wp-content\/uploads\/2019\/06\/gustavo-gomez-768x768.jpg 768w, https:\/\/thegeneration.info\/wp-content\/uploads\/2019\/06\/gustavo-gomez.jpg 1920w\" sizes=\"auto, (max-width: 600px) 100vw, 600px\" \/><\/div><div class=\"w-person-content\"><h3 itemprop=\"name\" class=\"w-person-name\"><span>Gustavo G\u00f3mez<\/span><\/h3><div class=\"w-person-role\" itemprop=\"jobTitle\">Voice &amp; bass guitar<\/div><\/div><\/div><\/div><\/div><\/div><\/div><div class=\"w-separator size_medium\"><\/div><div class=\"g-cols wpb_row via_flex valign_top type_default stacking_default\"><div class=\"vc_col-sm-6 wpb_column vc_column_container\"><div class=\"vc_column-inner\"><div class=\"wpb_wrapper\"><div class=\"w-person layout_trendy effect_bw\" itemscope itemtype=\"https:\/\/schema.org\/Person\"><div class=\"w-person-image\"><img loading=\"lazy\" decoding=\"async\" width=\"600\" height=\"600\" src=\"https:\/\/thegeneration.info\/wp-content\/uploads\/2019\/06\/josep-herrero-1-600x600.jpg\" class=\"attachment-us_600_600_crop size-us_600_600_crop\" alt=\"Josep Herrero - Guitarra de The Generation\" itemprop=\"image\" srcset=\"https:\/\/thegeneration.info\/wp-content\/uploads\/2019\/06\/josep-herrero-1-600x600.jpg 600w, https:\/\/thegeneration.info\/wp-content\/uploads\/2019\/06\/josep-herrero-1-150x150.jpg 150w, https:\/\/thegeneration.info\/wp-content\/uploads\/2019\/06\/josep-herrero-1-300x300.jpg 300w, https:\/\/thegeneration.info\/wp-content\/uploads\/2019\/06\/josep-herrero-1-1024x1024.jpg 1024w, https:\/\/thegeneration.info\/wp-content\/uploads\/2019\/06\/josep-herrero-1-350x350.jpg 350w, https:\/\/thegeneration.info\/wp-content\/uploads\/2019\/06\/josep-herrero-1-768x768.jpg 768w, https:\/\/thegeneration.info\/wp-content\/uploads\/2019\/06\/josep-herrero-1.jpg 1920w\" sizes=\"auto, (max-width: 600px) 100vw, 600px\" \/><\/div><div class=\"w-person-content\"><h3 itemprop=\"name\" class=\"w-person-name\"><span>Josep Herrero<\/span><\/h3><div class=\"w-person-role\" itemprop=\"jobTitle\">Guitar<\/div><\/div><\/div><\/div><\/div><\/div><div class=\"vc_col-sm-6 wpb_column vc_column_container\"><div class=\"vc_column-inner\"><div class=\"wpb_wrapper\"><div class=\"w-person layout_trendy effect_bw\" itemscope itemtype=\"https:\/\/schema.org\/Person\"><div class=\"w-person-image\"><img loading=\"lazy\" decoding=\"async\" width=\"600\" height=\"600\" src=\"https:\/\/thegeneration.info\/wp-content\/uploads\/2019\/06\/manu-canadas-600x600.jpg\" class=\"attachment-us_600_600_crop size-us_600_600_crop\" alt=\"Manu Ca\u00f1adas - Bater\u00eda de The Generation\" itemprop=\"image\" srcset=\"https:\/\/thegeneration.info\/wp-content\/uploads\/2019\/06\/manu-canadas-600x600.jpg 600w, https:\/\/thegeneration.info\/wp-content\/uploads\/2019\/06\/manu-canadas-150x150.jpg 150w, https:\/\/thegeneration.info\/wp-content\/uploads\/2019\/06\/manu-canadas-300x300.jpg 300w, https:\/\/thegeneration.info\/wp-content\/uploads\/2019\/06\/manu-canadas-1024x1024.jpg 1024w, https:\/\/thegeneration.info\/wp-content\/uploads\/2019\/06\/manu-canadas-350x350.jpg 350w, https:\/\/thegeneration.info\/wp-content\/uploads\/2019\/06\/manu-canadas-768x768.jpg 768w, https:\/\/thegeneration.info\/wp-content\/uploads\/2019\/06\/manu-canadas.jpg 1920w\" sizes=\"auto, (max-width: 600px) 100vw, 600px\" \/><\/div><div class=\"w-person-content\"><h3 itemprop=\"name\" class=\"w-person-name\"><span>Manu Ca\u00f1adas<\/span><\/h3><div class=\"w-person-role\" itemprop=\"jobTitle\">Drums<\/div><\/div><\/div><\/div><\/div><\/div><\/div><\/div><\/div><\/div><\/div><\/div><\/section><section class=\"l-section wpb_row height_large color_alternate\"><div class=\"l-section-h i-cf\"><div class=\"g-cols vc_row via_flex valign_top type_default stacking_default\"><div class=\"vc_col-sm-12 wpb_column vc_column_container\"><div class=\"vc_column-inner\"><div class=\"wpb_wrapper\"><div class=\"wpb_text_column\"><div class=\"wpb_wrapper\"><h2 style=\"text-align: center;\">Services we offer<\/h2>\n<\/div><\/div><\/div><\/div><\/div><\/div><\/div><\/section><section class=\"l-section wpb_row height_large\"><div class=\"l-section-h i-cf\"><div class=\"g-cols vc_row via_flex valign_top type_default stacking_default\"><div class=\"vc_col-sm-6 wpb_column vc_column_container\"><div class=\"vc_column-inner\"><div class=\"wpb_wrapper\"><div class=\"w-iconbox iconpos_top style_default color_primary align_center\"><div class=\"w-iconbox-icon\" style=\"font-size:2rem;\"><i class=\"fas fa-music\"><\/i><\/div><div class=\"w-iconbox-meta\"><h4 class=\"w-iconbox-title\">Concerts<\/h4><div class=\"w-iconbox-text\"><p>We offer all kinds of performances: vermouth concerts, after-work concerts, night concerts&#8230; Live music with all the equipment for your bar or terrace.<\/p>\n<\/div><\/div><\/div><\/div><\/div><\/div><div class=\"vc_col-sm-6 wpb_column vc_column_container\"><div class=\"vc_column-inner\"><div class=\"wpb_wrapper\"><div class=\"w-iconbox iconpos_top style_default color_primary align_center\"><div class=\"w-iconbox-icon\" style=\"font-size:2rem;\"><i class=\"fas fa-motorcycle\"><\/i><\/div><div class=\"w-iconbox-meta\"><h4 class=\"w-iconbox-title\">Biker concentrations<\/h4><div class=\"w-iconbox-text\"><p>A rock&#8217;n&#8217;roll atmosphere to celebrate your biker concentration or American theme. We put gas to your party. Professionalism, quality and power. Blues&amp;rock, rock&#8217;n&#8217;roll, southern rock&#8230;<\/p>\n<\/div><\/div><\/div><\/div><\/div><\/div><\/div><\/div><\/section><section class=\"l-section wpb_row height_large\"><div class=\"l-section-h i-cf\"><div class=\"g-cols vc_row via_flex valign_top type_default stacking_default\"><div class=\"vc_col-sm-6 wpb_column vc_column_container\"><div class=\"vc_column-inner\"><div class=\"wpb_wrapper\"><div class=\"w-iconbox iconpos_top style_default color_primary align_center\"><div class=\"w-iconbox-icon\" style=\"font-size:2rem;\"><i class=\"material-icons\">local_bar<\/i><\/div><div class=\"w-iconbox-meta\"><h4 class=\"w-iconbox-title\">Wedding entertainment<\/h4><div class=\"w-iconbox-text\"><p>An ideal atmosphere to celebrate your wedding to the rhythm of rock&#8217;n&#8217;roll. We enliven from the cocktail or appetizer of your wedding to special moments of the ceremony. Professionalism, quality and elegance.<\/p>\n<\/div><\/div><\/div><\/div><\/div><\/div><div class=\"vc_col-sm-6 wpb_column vc_column_container\"><div class=\"vc_column-inner\"><div class=\"wpb_wrapper\"><div class=\"w-iconbox iconpos_top style_default color_primary align_center\"><div class=\"w-iconbox-icon\" style=\"font-size:2rem;\"><i class=\"fas fa-briefcase\"><\/i><\/div><div class=\"w-iconbox-meta\"><h4 class=\"w-iconbox-title\">Events entertainment<\/h4><div class=\"w-iconbox-text\"><p>We enliven your corporate event, inauguration, private party or convention with a professional, elegant and quality performance. We adapt to any type of event.<\/p>\n<\/div><\/div><\/div><\/div><\/div><\/div><\/div><\/div><\/section>","protected":false},"excerpt":{"rendered":"The Generation is a consolidated southern rock, blues&amp;rock and rock&#8217;n&#8217;roll band from Catalonia with a long career on stages all over the country. During their show, they cover and recall the hits of generations of musicians in these musical genres such as Lynyrd Skynyrd, ZZ Top, Creedence Clearwater Revival, The Black Crowes, Stevie Ray Vaughan,...","protected":false},"author":2,"featured_media":0,"parent":0,"menu_order":1,"comment_status":"closed","ping_status":"closed","template":"","meta":{"footnotes":""},"class_list":["post-1047","page","type-page","status-publish","hentry"],"yoast_head":"<!-- This site is optimized with the Yoast SEO plugin v27.4 - https:\/\/yoast.com\/product\/yoast-seo-wordpress\/ -->\n<title>Electric blues&amp;rock band | The Generation | Barcelona<\/title>\n<meta name=\"description\" content=\"The Generation es una banda de blues&amp;rock el\u00e9ctrico de Barcelona. Su estilo est\u00e1 marcado por el blues&amp;rock el\u00e9ctrico, rock\u2019n\u2019roll y rock sure\u00f1o.\" \/>\n<meta name=\"robots\" content=\"index, follow, max-snippet:-1, max-image-preview:large, max-video-preview:-1\" \/>\n<link rel=\"canonical\" href=\"https:\/\/thegeneration.info\/en\/banda-de-blues-and-rock-electrico\/\" \/>\n<meta property=\"og:locale\" content=\"en_US\" \/>\n<meta property=\"og:type\" content=\"article\" \/>\n<meta property=\"og:title\" content=\"Electric blues&amp;rock band | The Generation | Barcelona\" \/>\n<meta property=\"og:description\" content=\"The Generation es una banda de blues&amp;rock el\u00e9ctrico de Barcelona. Su estilo est\u00e1 marcado por el blues&amp;rock el\u00e9ctrico, rock\u2019n\u2019roll y rock sure\u00f1o.\" \/>\n<meta property=\"og:url\" content=\"https:\/\/thegeneration.info\/en\/banda-de-blues-and-rock-electrico\/\" \/>\n<meta property=\"og:site_name\" content=\"The Generation\" \/>\n<meta property=\"article:modified_time\" content=\"2025-10-31T15:52:28+00:00\" \/>\n<meta property=\"og:image\" content=\"https:\/\/thegeneration.info\/wp-content\/uploads\/2018\/07\/the-generation.jpg\" \/>\n\t<meta property=\"og:image:width\" content=\"2048\" \/>\n\t<meta property=\"og:image:height\" content=\"2048\" \/>\n\t<meta property=\"og:image:type\" content=\"image\/jpeg\" \/>\n<meta name=\"twitter:card\" content=\"summary_large_image\" \/>\n<meta name=\"twitter:label1\" content=\"Est. reading time\" \/>\n\t<meta name=\"twitter:data1\" content=\"3 minutes\" \/>\n<script type=\"application\/ld+json\" class=\"yoast-schema-graph\">{\"@context\":\"https:\\\/\\\/schema.org\",\"@graph\":[{\"@type\":\"WebPage\",\"@id\":\"https:\\\/\\\/thegeneration.info\\\/en\\\/banda-de-blues-and-rock-electrico\\\/\",\"url\":\"https:\\\/\\\/thegeneration.info\\\/en\\\/banda-de-blues-and-rock-electrico\\\/\",\"name\":\"Electric blues&rock band | The Generation | Barcelona\",\"isPartOf\":{\"@id\":\"https:\\\/\\\/thegeneration.info\\\/en\\\/#website\"},\"datePublished\":\"2018-01-12T15:56:21+00:00\",\"dateModified\":\"2025-10-31T15:52:28+00:00\",\"description\":\"The Generation es una banda de blues&rock el\u00e9ctrico de Barcelona. Su estilo est\u00e1 marcado por el blues&rock el\u00e9ctrico, rock\u2019n\u2019roll y rock sure\u00f1o.\",\"breadcrumb\":{\"@id\":\"https:\\\/\\\/thegeneration.info\\\/en\\\/banda-de-blues-and-rock-electrico\\\/#breadcrumb\"},\"inLanguage\":\"en-US\",\"potentialAction\":[{\"@type\":\"ReadAction\",\"target\":[[\"https:\\\/\\\/thegeneration.info\\\/en\\\/banda-de-blues-and-rock-electrico\\\/\"]]}]},{\"@type\":\"BreadcrumbList\",\"@id\":\"https:\\\/\\\/thegeneration.info\\\/en\\\/banda-de-blues-and-rock-electrico\\\/#breadcrumb\",\"itemListElement\":[{\"@type\":\"ListItem\",\"position\":1,\"name\":\"Portada\",\"item\":\"https:\\\/\\\/thegeneration.info\\\/en\\\/\"},{\"@type\":\"ListItem\",\"position\":2,\"name\":\"Banda de blues&#038;rock el\u00e9ctrico\"}]},{\"@type\":\"WebSite\",\"@id\":\"https:\\\/\\\/thegeneration.info\\\/en\\\/#website\",\"url\":\"https:\\\/\\\/thegeneration.info\\\/en\\\/\",\"name\":\"The Generation\",\"description\":\"Banda de Blues&amp;Rock de Barcelona\",\"publisher\":{\"@id\":\"https:\\\/\\\/thegeneration.info\\\/en\\\/#organization\"},\"alternateName\":\"The Generation\",\"potentialAction\":[{\"@type\":\"SearchAction\",\"target\":{\"@type\":\"EntryPoint\",\"urlTemplate\":\"https:\\\/\\\/thegeneration.info\\\/en\\\/?s={search_term_string}\"},\"query-input\":{\"@type\":\"PropertyValueSpecification\",\"valueRequired\":true,\"valueName\":\"search_term_string\"}}],\"inLanguage\":\"en-US\"},{\"@type\":\"Organization\",\"@id\":\"https:\\\/\\\/thegeneration.info\\\/en\\\/#organization\",\"name\":\"The Generation\",\"alternateName\":\"The Generation\",\"url\":\"https:\\\/\\\/thegeneration.info\\\/en\\\/\",\"logo\":{\"@type\":\"ImageObject\",\"inLanguage\":\"en-US\",\"@id\":\"https:\\\/\\\/thegeneration.info\\\/en\\\/#\\\/schema\\\/logo\\\/image\\\/\",\"url\":\"https:\\\/\\\/thegeneration.info\\\/wp-content\\\/uploads\\\/2018\\\/07\\\/the-generation.jpg\",\"contentUrl\":\"https:\\\/\\\/thegeneration.info\\\/wp-content\\\/uploads\\\/2018\\\/07\\\/the-generation.jpg\",\"width\":2048,\"height\":2048,\"caption\":\"The Generation\"},\"image\":{\"@id\":\"https:\\\/\\\/thegeneration.info\\\/en\\\/#\\\/schema\\\/logo\\\/image\\\/\"},\"sameAs\":[\"https:\\\/\\\/www.instagram.com\\\/generationBCN\\\/\",\"https:\\\/\\\/www.youtube.com\\\/@generationbcn\"]}]}<\/script>\n<!-- \/ Yoast SEO plugin. -->","yoast_head_json":{"title":"Electric blues&rock band | The Generation | Barcelona","description":"The Generation es una banda de blues&rock el\u00e9ctrico de Barcelona. Su estilo est\u00e1 marcado por el blues&rock el\u00e9ctrico, rock\u2019n\u2019roll y rock sure\u00f1o.","robots":{"index":"index","follow":"follow","max-snippet":"max-snippet:-1","max-image-preview":"max-image-preview:large","max-video-preview":"max-video-preview:-1"},"canonical":"https:\/\/thegeneration.info\/en\/banda-de-blues-and-rock-electrico\/","og_locale":"en_US","og_type":"article","og_title":"Electric blues&rock band | The Generation | Barcelona","og_description":"The Generation es una banda de blues&rock el\u00e9ctrico de Barcelona. Su estilo est\u00e1 marcado por el blues&rock el\u00e9ctrico, rock\u2019n\u2019roll y rock sure\u00f1o.","og_url":"https:\/\/thegeneration.info\/en\/banda-de-blues-and-rock-electrico\/","og_site_name":"The Generation","article_modified_time":"2025-10-31T15:52:28+00:00","og_image":[{"width":2048,"height":2048,"url":"https:\/\/thegeneration.info\/wp-content\/uploads\/2018\/07\/the-generation.jpg","type":"image\/jpeg"}],"twitter_card":"summary_large_image","twitter_misc":{"Est. reading time":"3 minutes"},"schema":{"@context":"https:\/\/schema.org","@graph":[{"@type":"WebPage","@id":"https:\/\/thegeneration.info\/en\/banda-de-blues-and-rock-electrico\/","url":"https:\/\/thegeneration.info\/en\/banda-de-blues-and-rock-electrico\/","name":"Electric blues&rock band | The Generation | Barcelona","isPartOf":{"@id":"https:\/\/thegeneration.info\/en\/#website"},"datePublished":"2018-01-12T15:56:21+00:00","dateModified":"2025-10-31T15:52:28+00:00","description":"The Generation es una banda de blues&rock el\u00e9ctrico de Barcelona. Su estilo est\u00e1 marcado por el blues&rock el\u00e9ctrico, rock\u2019n\u2019roll y rock sure\u00f1o.","breadcrumb":{"@id":"https:\/\/thegeneration.info\/en\/banda-de-blues-and-rock-electrico\/#breadcrumb"},"inLanguage":"en-US","potentialAction":[{"@type":"ReadAction","target":[["https:\/\/thegeneration.info\/en\/banda-de-blues-and-rock-electrico\/"]]}]},{"@type":"BreadcrumbList","@id":"https:\/\/thegeneration.info\/en\/banda-de-blues-and-rock-electrico\/#breadcrumb","itemListElement":[{"@type":"ListItem","position":1,"name":"Portada","item":"https:\/\/thegeneration.info\/en\/"},{"@type":"ListItem","position":2,"name":"Banda de blues&#038;rock el\u00e9ctrico"}]},{"@type":"WebSite","@id":"https:\/\/thegeneration.info\/en\/#website","url":"https:\/\/thegeneration.info\/en\/","name":"The Generation","description":"Banda de Blues&amp;Rock de Barcelona","publisher":{"@id":"https:\/\/thegeneration.info\/en\/#organization"},"alternateName":"The Generation","potentialAction":[{"@type":"SearchAction","target":{"@type":"EntryPoint","urlTemplate":"https:\/\/thegeneration.info\/en\/?s={search_term_string}"},"query-input":{"@type":"PropertyValueSpecification","valueRequired":true,"valueName":"search_term_string"}}],"inLanguage":"en-US"},{"@type":"Organization","@id":"https:\/\/thegeneration.info\/en\/#organization","name":"The Generation","alternateName":"The Generation","url":"https:\/\/thegeneration.info\/en\/","logo":{"@type":"ImageObject","inLanguage":"en-US","@id":"https:\/\/thegeneration.info\/en\/#\/schema\/logo\/image\/","url":"https:\/\/thegeneration.info\/wp-content\/uploads\/2018\/07\/the-generation.jpg","contentUrl":"https:\/\/thegeneration.info\/wp-content\/uploads\/2018\/07\/the-generation.jpg","width":2048,"height":2048,"caption":"The Generation"},"image":{"@id":"https:\/\/thegeneration.info\/en\/#\/schema\/logo\/image\/"},"sameAs":["https:\/\/www.instagram.com\/generationBCN\/","https:\/\/www.youtube.com\/@generationbcn"]}]}},"_links":{"self":[{"href":"https:\/\/thegeneration.info\/en\/wp-json\/wp\/v2\/pages\/1047","targetHints":{"allow":["GET"]}}],"collection":[{"href":"https:\/\/thegeneration.info\/en\/wp-json\/wp\/v2\/pages"}],"about":[{"href":"https:\/\/thegeneration.info\/en\/wp-json\/wp\/v2\/types\/page"}],"author":[{"embeddable":true,"href":"https:\/\/thegeneration.info\/en\/wp-json\/wp\/v2\/users\/2"}],"replies":[{"embeddable":true,"href":"https:\/\/thegeneration.info\/en\/wp-json\/wp\/v2\/comments?post=1047"}],"version-history":[{"count":2,"href":"https:\/\/thegeneration.info\/en\/wp-json\/wp\/v2\/pages\/1047\/revisions"}],"predecessor-version":[{"id":1871,"href":"https:\/\/thegeneration.info\/en\/wp-json\/wp\/v2\/pages\/1047\/revisions\/1871"}],"wp:attachment":[{"href":"https:\/\/thegeneration.info\/en\/wp-json\/wp\/v2\/media?parent=1047"}],"curies":[{"name":"wp","href":"https:\/\/api.w.org\/{rel}","templated":true}]}}